{"id":38,"date":"2016-01-24T14:02:07","date_gmt":"2016-01-24T16:02:07","guid":{"rendered":"http:\/\/vidmindas.lt\/?page_id=38"},"modified":"2023-10-02T13:46:57","modified_gmt":"2023-10-02T15:46:57","slug":"attributes","status":"publish","type":"page","link":"https:\/\/vidmindas.lt\/en\/attributes\/","title":{"rendered":"Attributes"},"content":{"rendered":"<table style=\"width: 100%;\">\n<tbody>\n<tr>\n<td style=\"width: 50%; vertical-align: top;\">\n<p><strong>Company:<\/strong><br \/>\nUAB \u201cVidmindas\u201d<\/p>\n<p><strong>Registration address:<\/strong><br \/>\nEtten-Leuro 42, 77120 \u0160iauliai, Lithuania<\/p>\n<p><strong>Corespondent address:<\/strong><br \/>\nEtten-Leuro 42, 77120 \u0160iauliai, Lithuania<\/p>\n<p><strong>Offise:<\/strong><br \/>\nPramones 9, 78138 \u0160iauliai, Lithuania<\/p>\n<p><strong>Tel. +37062211307;<\/strong><\/p>\n<p><strong>Email:<\/strong><br \/>\ninfo@vidmindas.lt<\/p>\n<p><strong>Company code:<\/strong><br \/>\n145906823;<\/p>\n<p><strong>VAT code:<\/strong><br \/>\nLT459068219<\/p>\n<\/td>\n<td style=\"vertical-align: top;\">\n<p><strong>Correspondent bank:<\/strong><br \/>\nDEUTSCHE BANK AG, FRANKFURT\/MAIN SWIFT DEUTDEFF<\/p>\n<p><strong>Beneficiary\u2018s bank:<\/strong><br \/>\nAB bankas \u201eSWEDBANK\u201c SWIFT HABALT22<\/p>\n<p><strong>Beneficiary\u2018s account:<br \/>\n<\/strong>LT157300010080377284<\/p>\n<p><strong>Beneficiary:<\/strong><br \/>\nUAB \u201cVidmindas\u201d<\/p>\n<\/td>\n<\/tr>\n<\/tbody>\n<\/table>\n","protected":false},"excerpt":{"rendered":"<p>Company: UAB \u201cVidmindas\u201d Registration address: Etten-Leuro 42, 77120 \u0160iauliai, Lithuania Corespondent address: Etten-Leuro 42, 77120 \u0160iauliai, Lithuania Offise: Pramones 9, 78138 \u0160iauliai, Lithuania Tel. +37062211307; Email: info@vidmindas.lt Company code: 145906823; VAT code: LT459068219 Correspondent bank: DEUTSCHE BANK AG, FRANKFURT\/MAIN SWIFT DEUTDEFF Beneficiary\u2018s bank: AB bankas \u201eSWEDBANK\u201c SWIFT HABALT22 Beneficiary\u2018s account: LT157300010080377284 Beneficiary: UAB \u201cVidmindas\u201d<\/p>\n","protected":false},"author":1,"featured_media":0,"parent":0,"menu_order":0,"comment_status":"closed","ping_status":"closed","template":"","meta":[],"yoast_head":"<!-- This site is optimized with the Yoast SEO plugin v16.0.2 - https:\/\/yoast.com\/wordpress\/plugins\/seo\/ -->\n<title>Attributes - UAB Vidmindas<\/title>\n<link rel=\"canonical\" href=\"https:\/\/vidmindas.lt\/en\/attributes\/\" \/>\n<meta property=\"og:locale\" content=\"en_US\" \/>\n<meta property=\"og:type\" content=\"article\" \/>\n<meta property=\"og:title\" content=\"Attributes - UAB Vidmindas\" \/>\n<meta property=\"og:description\" content=\"Company: UAB \u201cVidmindas\u201d Registration address: Etten-Leuro 42, 77120 \u0160iauliai, Lithuania Corespondent address: Etten-Leuro 42, 77120 \u0160iauliai, Lithuania Offise: Pramones 9, 78138 \u0160iauliai, Lithuania Tel. +37062211307; Email: info@vidmindas.lt Company code: 145906823; VAT code: LT459068219 Correspondent bank: DEUTSCHE BANK AG, FRANKFURT\/MAIN SWIFT DEUTDEFF Beneficiary\u2018s bank: AB bankas \u201eSWEDBANK\u201c SWIFT HABALT22 Beneficiary\u2018s account: LT157300010080377284 Beneficiary: UAB \u201cVidmindas\u201d\" \/>\n<meta property=\"og:url\" content=\"https:\/\/vidmindas.lt\/en\/attributes\/\" \/>\n<meta property=\"og:site_name\" content=\"UAB Vidmindas\" \/>\n<meta property=\"article:modified_time\" content=\"2023-10-02T15:46:57+00:00\" \/>\n<meta name=\"twitter:card\" content=\"summary\" \/>\n<meta name=\"twitter:label1\" content=\"Est. reading time\">\n\t<meta name=\"twitter:data1\" content=\"1 minute\">\n<script type=\"application\/ld+json\" class=\"yoast-schema-graph\">{\"@context\":\"https:\/\/schema.org\",\"@graph\":[{\"@type\":\"WebSite\",\"@id\":\"https:\/\/vidmindas.lt\/#website\",\"url\":\"https:\/\/vidmindas.lt\/\",\"name\":\"UAB Vidmindas\",\"description\":\"Tarptautini\\u0173 krovini\\u0173 perve\\u017eimas\",\"potentialAction\":[{\"@type\":\"SearchAction\",\"target\":\"https:\/\/vidmindas.lt\/?s={search_term_string}\",\"query-input\":\"required name=search_term_string\"}],\"inLanguage\":\"en-US\"},{\"@type\":\"WebPage\",\"@id\":\"https:\/\/vidmindas.lt\/en\/attributes\/#webpage\",\"url\":\"https:\/\/vidmindas.lt\/en\/attributes\/\",\"name\":\"Attributes - UAB Vidmindas\",\"isPartOf\":{\"@id\":\"https:\/\/vidmindas.lt\/#website\"},\"datePublished\":\"2016-01-24T16:02:07+00:00\",\"dateModified\":\"2023-10-02T15:46:57+00:00\",\"breadcrumb\":{\"@id\":\"https:\/\/vidmindas.lt\/en\/attributes\/#breadcrumb\"},\"inLanguage\":\"en-US\",\"potentialAction\":[{\"@type\":\"ReadAction\",\"target\":[\"https:\/\/vidmindas.lt\/en\/attributes\/\"]}]},{\"@type\":\"BreadcrumbList\",\"@id\":\"https:\/\/vidmindas.lt\/en\/attributes\/#breadcrumb\",\"itemListElement\":[{\"@type\":\"ListItem\",\"position\":1,\"item\":{\"@type\":\"WebPage\",\"@id\":\"https:\/\/vidmindas.lt\/en\/puslapio-pavyzdys\/\",\"url\":\"https:\/\/vidmindas.lt\/en\/puslapio-pavyzdys\/\",\"name\":\"Home\"}},{\"@type\":\"ListItem\",\"position\":2,\"item\":{\"@type\":\"WebPage\",\"@id\":\"https:\/\/vidmindas.lt\/en\/attributes\/\",\"url\":\"https:\/\/vidmindas.lt\/en\/attributes\/\",\"name\":\"Attributes\"}}]}]}<\/script>\n<!-- \/ Yoast SEO plugin. -->","_links":{"self":[{"href":"https:\/\/vidmindas.lt\/en\/wp-json\/wp\/v2\/pages\/38"}],"collection":[{"href":"https:\/\/vidmindas.lt\/en\/wp-json\/wp\/v2\/pages"}],"about":[{"href":"https:\/\/vidmindas.lt\/en\/wp-json\/wp\/v2\/types\/page"}],"author":[{"embeddable":true,"href":"https:\/\/vidmindas.lt\/en\/wp-json\/wp\/v2\/users\/1"}],"replies":[{"embeddable":true,"href":"https:\/\/vidmindas.lt\/en\/wp-json\/wp\/v2\/comments?post=38"}],"version-history":[{"count":9,"href":"https:\/\/vidmindas.lt\/en\/wp-json\/wp\/v2\/pages\/38\/revisions"}],"predecessor-version":[{"id":467,"href":"https:\/\/vidmindas.lt\/en\/wp-json\/wp\/v2\/pages\/38\/revisions\/467"}],"wp:attachment":[{"href":"https:\/\/vidmindas.lt\/en\/wp-json\/wp\/v2\/media?parent=38"}],"curies":[{"name":"wp","href":"https:\/\/api.w.org\/{rel}","templated":true}]}}